{"id":819,"date":"2024-09-04T11:42:42","date_gmt":"2024-09-04T11:42:42","guid":{"rendered":"https:\/\/kamslaw.com\/terms-of-use\/"},"modified":"2024-09-06T08:01:27","modified_gmt":"2024-09-06T08:01:27","slug":"terms-of-use","status":"publish","type":"page","link":"https:\/\/kamslaw.com\/fr\/terms-of-use\/","title":{"rendered":"Conditions d&rsquo;utilisation"},"content":{"rendered":"<p>[et_pb_section fb_built=\u00a0\u00bb1&Prime; _builder_version=\u00a0\u00bb4.27.0&Prime; _module_preset=\u00a0\u00bbdefault\u00a0\u00bb global_colors_info=\u00a0\u00bb{}\u00a0\u00bb theme_builder_area=\u00a0\u00bbpost_content\u00a0\u00bb][et_pb_row admin_label=\u00a0\u00bbIntro Page Text\u00a0\u00bb _builder_version=\u00a0\u00bb4.25.0&Prime; _module_preset=\u00a0\u00bb6083b77a-78e2-4d59-bbd2-aaf63d9107d9&Prime; global_colors_info=\u00a0\u00bb{}\u00a0\u00bb theme_builder_area=\u00a0\u00bbpost_content\u00a0\u00bb][et_pb_column type=\u00a0\u00bb4_4&Prime; _builder_version=\u00a0\u00bb4.25.0&Prime; _module_preset=\u00a0\u00bbdefault\u00a0\u00bb global_colors_info=\u00a0\u00bb{}\u00a0\u00bb theme_builder_area=\u00a0\u00bbpost_content\u00a0\u00bb][et_pb_text _builder_version=\u00a0\u00bb4.27.0&Prime; _module_preset=\u00a0\u00bb93feeb14-1262-4ad7-8d25-39f79a268e23&Prime; hover_enabled=\u00a0\u00bb0&Prime; global_colors_info=\u00a0\u00bb{}\u00a0\u00bb theme_builder_area=\u00a0\u00bbpost_content\u00a0\u00bb sticky_enabled=\u00a0\u00bb0&Prime;]<\/p>\n<h1>Conditions d&rsquo;utilisation<\/h1>\n<p>[\/et_pb_text][et_pb_divider _builder_version=\u00a0\u00bb4.27.0&Prime; _module_preset=\u00a0\u00bb3961bdaa-a7dd-4356-9771-1ac2dbfc5e25&Prime; global_colors_info=\u00a0\u00bb{}\u00a0\u00bb theme_builder_area=\u00a0\u00bbpost_content\u00a0\u00bb][\/et_pb_divider][\/et_pb_column][\/et_pb_row][et_pb_row admin_label=\u00a0\u00bbMain Page Content\u00a0\u00bb _builder_version=\u00a0\u00bb4.27.0&Prime; _module_preset=\u00a0\u00bb6083b77a-78e2-4d59-bbd2-aaf63d9107d9&Prime; global_colors_info=\u00a0\u00bb{}\u00a0\u00bb theme_builder_area=\u00a0\u00bbpost_content\u00a0\u00bb][et_pb_column type=\u00a0\u00bb4_4&Prime; _builder_version=\u00a0\u00bb4.25.0&Prime; _module_preset=\u00a0\u00bbdefault\u00a0\u00bb global_colors_info=\u00a0\u00bb{}\u00a0\u00bb theme_builder_area=\u00a0\u00bbpost_content\u00a0\u00bb][et_pb_text module_class=\u00a0\u00bbtext-page\u00a0\u00bb _builder_version=\u00a0\u00bb4.27.0&Prime; _module_preset=\u00a0\u00bbdd7845d1-e345-473d-820d-6cc1078b7220&Prime; link_font=\u00a0\u00bb||||on||||\u00a0\u00bb header_3_font=\u00a0\u00bbMontserrat|600|||||||\u00a0\u00bb hover_enabled=\u00a0\u00bb0&Prime; custom_css_free_form=\u00a0\u00bbselector h3 {margin-top: calc(var(&#8211;default-indent) \/ 2);}\u00a0\u00bb global_colors_info=\u00a0\u00bb{}\u00a0\u00bb theme_builder_area=\u00a0\u00bbpost_content\u00a0\u00bb sticky_enabled=\u00a0\u00bb0&Prime;]Le pr\u00e9sent site Internet, accessible \u00e0 l&rsquo;adresse www.kamslaw.com (le \u00ab\u00a0Site\u00a0\u00bb), est \u00e9dit\u00e9 par la SELARL KAMS, situ\u00e9e au 47 avenue Hoche, 75008 Paris, France (tel :\u00a0+33 (0)1 83798810,\u00a0fax :\u00a0+33 (0)1 83798811,\u00a0e-mail :\u00a0<a href=\"mailto:secretariat@kamslaw.com\">secretariat@kamslaw.com<\/a>) (le \u00ab\u00a0Cabinet\u00a0\u00bb).<\/p>\n<p>R.C.S. Paris 510 348 576<\/p>\n<p>Le contenu du site a \u00e9t\u00e9 soumis l&rsquo;Ordre des avocats de Paris, France.<\/p>\n<p>Les directeurs de publication du site sont Elena Krotova et Nikita Kouznetsov.<\/p>\n<h3>H\u00e9bergement<\/h3>\n<p>Le site est h\u00e9berg\u00e9 par la soci\u00e9t\u00e9 OVH<\/p>\n<p>Conform\u00e9ment \u00e0 la loi Informatique et Libert\u00e9s du 6 janvier 1978 modifi\u00e9e et au R\u00e8glement G\u00e9n\u00e9ral sur la Protection des Donn\u00e9es du 27 avril 2016 (dit \u00a0\u00bb RGPD \u00ab\u00a0), nous vous informons que KAMS est le seul destinataire des informations et donn\u00e9es personnelles transmises par l&rsquo;interm\u00e9diaire de ce site, lesquelles ne sont pas communiqu\u00e9es \u00e0 des tiers.<\/p>\n<p>Les donn\u00e9es \u00e0 caract\u00e8re personnel sont collect\u00e9es \u00e0 des fins sp\u00e9cifiques (t\u00e2ches), qui sont communiqu\u00e9es aux personnes concern\u00e9es. Ces donn\u00e9es ne peuvent \u00eatre utilis\u00e9es ult\u00e9rieurement de mani\u00e8re incompatible avec ces finalit\u00e9s. Ces donn\u00e9es sont collect\u00e9es de bonne foi ; elles ne sont pas collect\u00e9es \u00e0 l&rsquo;insu des personnes concern\u00e9es.<\/p>\n<p>La collecte de ces donn\u00e9es n&rsquo;est facultative que si leur absence n&#8217;emp\u00eache pas ou ne rend pas impossible la r\u00e9ponse \u00e0 une demande d&rsquo;information ou de service ou, plus g\u00e9n\u00e9ralement, le respect des obligations.<\/p>\n<p>En fonction des services dont vous avez besoin, il vous sera demand\u00e9 de fournir des informations obligatoires et\/ou facultatives. Bredin Prat s&rsquo;engage \u00e0 respecter votre vie priv\u00e9e et \u00e0 prot\u00e9ger les informations que vous fournissez. Les informations collect\u00e9es ne seront conserv\u00e9es que le temps n\u00e9cessaire au traitement de vos demandes et\/ou \u00e0 l&rsquo;ex\u00e9cution des services demand\u00e9s, conform\u00e9ment \u00e0 la r\u00e9glementation en vigueur.<\/p>\n<p>\u00c0 cette fin, le KAMS applique des mesures de s\u00e9curit\u00e9 techniques et organisationnelles pour prot\u00e9ger les donn\u00e9es collect\u00e9es contre toute manipulation accidentelle ou intentionnelle, contre la perte ou la destruction de donn\u00e9es ou contre l&rsquo;acc\u00e8s par des personnes non autoris\u00e9es.<\/p>\n<p>KAMS exige \u00e9galement de tous ses sous-traitants qu&rsquo;ils fournissent des garanties appropri\u00e9es pour assurer la s\u00e9curit\u00e9 et la confidentialit\u00e9 des donn\u00e9es \u00e0 caract\u00e8re personnel.<\/p>\n<h3>Vos droits :<\/h3>\n<p>Vous disposez d&rsquo;un droit d&rsquo;acc\u00e8s, de rectification, de portabilit\u00e9, d&rsquo;effacement, de limitation et d&rsquo;opposition au traitement des donn\u00e9es \u00e0 caract\u00e8re personnel, ainsi que de d\u00e9finir le sort de vos donn\u00e9es apr\u00e8s votre d\u00e9c\u00e8s, pour l&rsquo;ensemble des donn\u00e9es vous concernant. Ces droits peuvent \u00eatre exerc\u00e9s \u00e0 tout moment aux adresses suivantes :<\/p>\n<p><a href=\"mailto:secretariat@kamslaw.com\">secretariat@kamslaw.com<\/a><\/p>\n<p>KAMS 47 avenue Hoche, 75008 Paris.<\/p>\n<p>Les donn\u00e9es collect\u00e9es sur ce site web sont utilis\u00e9es aux fins principales suivantes :<\/p>\n<ul>\n<li>gestion des applications (collaboration)<\/li>\n<li>gestion des applications (stagiaires)<\/li>\n<li>g\u00e9rer les inscriptions \u00e0 nos \u00e9v\u00e9nements<\/li>\n<li>demande d&rsquo;information<\/li>\n<\/ul>\n<p>Pour des raisons de s\u00e9curit\u00e9 et afin d&rsquo;\u00e9viter les demandes abusives ou frauduleuses, toute demande doit \u00eatre accompagn\u00e9e d&rsquo;une copie d&rsquo;un document d&rsquo;identification sign\u00e9, dont l&rsquo;utilisation sera strictement limit\u00e9e au traitement de la demande et supprim\u00e9e d\u00e8s la fin du traitement.<\/p>\n<p>Les informations recueillies ne seront pas divulgu\u00e9es \u00e0 des tiers, sauf en cas de violation av\u00e9r\u00e9e des dispositions l\u00e9gales ou r\u00e9glementaires, auquel cas elles pourront \u00eatre divulgu\u00e9es \u00e0 la demande expresse des autorit\u00e9s judiciaires.<\/p>\n<p>Tenant compte des diff\u00e9rents changements l\u00e9gislatifs et r\u00e9glementaires, KAMS met r\u00e9guli\u00e8rement \u00e0 jour cette politique afin de pouvoir garantir la protection de vos donn\u00e9es au quotidien.<\/p>\n<p>Les pr\u00e9sentes conditions g\u00e9n\u00e9rales d&rsquo;utilisation ont pour objet de d\u00e9finir les dispositions applicables \u00e0 toute utilisation du pr\u00e9sent site et de ses services.<\/p>\n<p>Les conditions g\u00e9n\u00e9rales applicables sont celles en vigueur \u00e0 la date de la connexion au site web. KAMS se r\u00e9serve le droit de modifier les pr\u00e9sentes conditions g\u00e9n\u00e9rales \u00e0 tout moment et sans pr\u00e9avis.<\/p>\n<p>En utilisant et en parcourant le site, vous acceptez, en tant qu&rsquo;utilisateur, d&rsquo;\u00eatre li\u00e9 par les pr\u00e9sentes conditions d&rsquo;utilisation, que vous confirmez avoir lues, comprises et accept\u00e9es dans leur int\u00e9gralit\u00e9. Si vous refusez d&rsquo;accepter ces conditions d&rsquo;utilisation, veuillez ne pas naviguer sur le site ni t\u00e9l\u00e9charger de mat\u00e9riel \u00e0 partir de celui-ci.<\/p>\n<h3>Article 1 &#8211; Acc\u00e8s au site<\/h3>\n<p>L&rsquo;acc\u00e8s et l&rsquo;utilisation du site sont r\u00e9serv\u00e9s \u00e0 un usage personnel. Vous vous engagez \u00e0 ne pas utiliser ce site ou les informations ou donn\u00e9es qu&rsquo;il contient \u00e0 des fins commerciales, politiques ou promotionnelles, ou pour toute forme de sollicitation commerciale, notamment pour l&rsquo;envoi de courriers \u00e9lectroniques non sollicit\u00e9s.<\/p>\n<h3>Article 2 &#8211; Contenu du site web<\/h3>\n<p>Tous les \u00e9l\u00e9ments de ce site (textes, photographies, illustrations, logos, ic\u00f4nes, etc.) sont la propri\u00e9t\u00e9 exclusive de KAMS et sont prot\u00e9g\u00e9s, le cas \u00e9ch\u00e9ant, par les lois fran\u00e7aises et internationales relatives \u00e0 la propri\u00e9t\u00e9 intellectuelle.<\/p>\n<p>Toute repr\u00e9sentation et\/ou reproduction et\/ou exploitation, totale ou partielle, des contenus et services propos\u00e9s sur ce site, par quelque proc\u00e9d\u00e9 que ce soit, sans l&rsquo;accord pr\u00e9alable et \u00e9crit de KAMS, est strictement interdite et serait susceptible de constituer une contrefa\u00e7on au sens des articles L335-2 et suivants du Code de la Propri\u00e9t\u00e9 Intellectuelle. En particulier, la pr\u00e9sentation d&rsquo;une des pages de ce site sur une page web n&rsquo;appartenant pas \u00e0 KAMS est interdite.<\/p>\n<p>En outre, la cr\u00e9ation de liens hypertextes vers d&rsquo;autres pages que la page d&rsquo;accueil du pr\u00e9sent site web n\u00e9cessite l&rsquo;accord \u00e9crit pr\u00e9alable de KAMS. Les informations contenues dans ce site ne sont pas contractuelles et peuvent \u00eatre modifi\u00e9es sans pr\u00e9avis.<\/p>\n<p>Les bases de donn\u00e9es du site sont prot\u00e9g\u00e9es par les articles L341-1 et suivants du Code de la propri\u00e9t\u00e9 intellectuelle, notamment contre toute extraction ou r\u00e9utilisation du contenu qualitatif ou quantitatif des bases de donn\u00e9es.<\/p>\n<p>Les marques et autres logos figurant sur le site sont des marques d\u00e9pos\u00e9es de KAMS ou de tiers. Toute reproduction, imitation ou utilisation totale ou partielle de ces signes distinctifs sans l&rsquo;autorisation expresse de KAMS et en violation des interdictions vis\u00e9es aux articles L713-2 et suivants du Code de la propri\u00e9t\u00e9 intellectuelle engage la responsabilit\u00e9 de son auteur.<\/p>\n<p>Les autres signes distinctifs, notamment les d\u00e9nominations sociales et les noms de domaine reproduits sur le site sont la propri\u00e9t\u00e9 de KAMS ou de tiers. Toute reproduction sans autorisation expresse est susceptible de constituer une usurpation engageant la responsabilit\u00e9 de son auteur sur le fondement de l&rsquo;article 1240 du Code civil fran\u00e7ais.<\/p>\n<h3>Article 3 &#8211; Gestion de l&rsquo;installation<\/h3>\n<p>Pour la bonne gestion du site, l&rsquo;\u00e9diteur peut \u00e0 tout moment : suspendre, interrompre ou restreindre l&rsquo;acc\u00e8s \u00e0 tout ou partie du site, restreindre l&rsquo;acc\u00e8s au site ou \u00e0 certaines parties du site \u00e0 une certaine cat\u00e9gorie d&rsquo;internautes ; supprimer toute information susceptible de perturber son fonctionnement ou de contrevenir aux lois nationales ou internationales ou aux r\u00e8gles de la n\u00e9tiquette ; suspendre le site pour proc\u00e9der \u00e0 des mises \u00e0 jour.<\/p>\n<h3>Article 4 &#8211; Fonctions<\/h3>\n<p>KAMS n&rsquo;est pas responsable, directement ou indirectement, sur quelque base ou pour quelque raison que ce soit, notamment en ce qui concerne :<\/p>\n<ul>\n<li>une performance insuffisante du site<\/li>\n<li>Perte de donn\u00e9es ou de services en raison du non-respect des d\u00e9lais, de modifications, de la suspension ou de l&rsquo;interruption des services<\/li>\n<li>l&rsquo;exactitude, la qualit\u00e9 ou la nature des informations obtenues par le biais de ses services<\/li>\n<li>les cons\u00e9quences d\u00e9coulant directement ou indirectement de la transmission de virus par les serveurs de l&rsquo;entreprise<\/li>\n<li>les interruptions du site li\u00e9es \u00e0 la maintenance ou au comportement des utilisateurs du site<\/li>\n<li>inaccessibilit\u00e9 des objets<\/li>\n<li>Infection de l&rsquo;\u00e9quipement informatique des utilisateurs d&rsquo;Internet suite \u00e0 la propagation d&rsquo;un virus ou d&rsquo;une autre infection informatique.<\/li>\n<\/ul>\n<p>En tant qu&rsquo;utilisateur du site, il vous appartient de prendre toutes les mesures appropri\u00e9es de fa\u00e7on \u00e0 prot\u00e9ger vos donn\u00e9es et\/ou logiciels de la contamination par d&rsquo;\u00e9ventuels virus circulant sur le r\u00e9seau Internet.<\/p>\n<p class=\"indent\">KAMS n&rsquo;est pas non plus responsable des dommages directs ou indirects qui pourraient r\u00e9sulter de l&rsquo;utilisation ou, au contraire, de l&rsquo;impossibilit\u00e9 d&rsquo;acc\u00e9der au site \u00e0 la suite d&rsquo;une mauvaise utilisation de la part de l&rsquo;utilisateur. Les informations fournies sont non contractuelles.<\/p>\n<p>Le site peut contenir des liens vers d&rsquo;autres sites qui ne sont pas exploit\u00e9s et\/ou publi\u00e9s par KAMS. KAMS n&rsquo;a aucun contr\u00f4le sur les informations, produits ou services offerts par ces autres sites et ne peut en aucun cas \u00eatre tenu responsable du contenu de ces sites.<\/p>\n<p>Vous acceptez d&rsquo;indemniser KAMS et de le d\u00e9gager de toute responsabilit\u00e9, r\u00e9clamation, dommage, perte, co\u00fbt, d\u00e9pense, manque \u00e0 gagner, perte de donn\u00e9es et tout autre dommage direct ou indirect r\u00e9sultant de votre violation de l&rsquo;une des dispositions des pr\u00e9sentes conditions.<\/p>\n<h3>Article 5 &#8211; Liens hypertextes<\/h3>\n<p>La cr\u00e9ation de liens hypertextes vers tout ou partie du site est strictement interdite sans l&rsquo;accord pr\u00e9alable et \u00e9crit de l&rsquo;\u00e9diteur, qui peut \u00eatre obtenu en envoyant un courrier \u00e9lectronique \u00e0 l&rsquo;adresse suivante :\u00a0<a href=\"mailto:secretariat@kamslaw.com\">secretariat@kamslaw.com<\/a>.<\/p>\n<p>L&rsquo;\u00e9diteur peut refuser cette autorisation sans avoir \u00e0 justifier sa d\u00e9cision de quelque mani\u00e8re que ce soit. Si l&rsquo;\u00e9diteur accorde une autorisation, celle-ci sera en tout \u00e9tat de cause temporaire et pourra \u00eatre retir\u00e9e \u00e0 tout moment sans que l&rsquo;\u00e9diteur ne soit tenu de justifier sa d\u00e9cision.<\/p>\n<p>En tout \u00e9tat de cause, tout lien doit \u00eatre retir\u00e9 sur simple demande de l&rsquo;\u00e9diteur. Toute information disponible par le biais de liens vers d&rsquo;autres sites n&rsquo;est pas sous le contr\u00f4le de l&rsquo;\u00e9diteur, qui d\u00e9cline toute responsabilit\u00e9 quant \u00e0 leur contenu.<\/p>\n<h3>Article 6 &#8211; Droit applicable<\/h3>\n<p>Les pr\u00e9sentes conditions d&rsquo;utilisation sont r\u00e9gies par le droit fran\u00e7ais et rel\u00e8vent de la comp\u00e9tence des tribunaux de Paris.<\/p>\n<p>Si l&rsquo;une des dispositions des conditions g\u00e9n\u00e9rales est jug\u00e9e invalide ou inapplicable, elle sera interpr\u00e9t\u00e9e de mani\u00e8re \u00e0 refl\u00e9ter au mieux les intentions des parties et les autres dispositions seront consid\u00e9r\u00e9es comme applicables en vertu de la loi.<\/p>\n<p>Le fait que KAMS ne fasse pas valoir ou n&rsquo;applique pas l&rsquo;une des dispositions des conditions g\u00e9n\u00e9rales ou un droit quelconque ne peut en aucun cas \u00eatre interpr\u00e9t\u00e9 comme une renonciation de KAMS \u00e0 cette disposition ou \u00e0 ce droit.<\/p>\n<h3>Article 7 &#8211; Nous contacter<\/h3>\n<p>Si vous avez des questions sur les informations fournies sur le site ou sur le site lui-m\u00eame, vous pouvez nous contacter \u00e0 l&rsquo;adresse suivante :\u00a0<a href=\"mailto:secretariat@kamslaw.com\">secretariat@kamslaw.com<\/a>.<\/p>\n<p>Unsplash vous accorde une licence de copyright irr\u00e9vocable, non exclusive et mondiale pour t\u00e9l\u00e9charger, copier, modifier, distribuer, reproduire et utiliser gratuitement les photos d&rsquo;Unsplash, y compris \u00e0 des fins commerciales, sans autorisation ou instruction du photographe ou d&rsquo;Unsplash. Cette licence n&rsquo;inclut pas le droit de compiler les photos d&rsquo;Unsplash en vue de leur reproduction par un service similaire ou concurrent.<\/p>\n<p class=\"indent\">Conseil : comment attribuer la paternit\u00e9 de l&rsquo;\u0153uvre Bien que l&rsquo;attribution ne soit pas obligatoire, les photographes d&rsquo;Unsplash l&rsquo;appr\u00e9cient car elle rend leur travail accessible et les encourage \u00e0 continuer \u00e0 le partager.<\/p>\n<p class=\"indent\">Photo by\u00a0<a href=\"https:\/\/unsplash.com\/@_aaarthy?utm_content=creditCopyText&amp;utm_medium=referral&amp;utm_source=unsplash\">Arthur Humeau<\/a>\u00a0on\u00a0<a href=\"https:\/\/unsplash.com\/photos\/arch-de-triomphe-3xwdarHxHqI?utm_content=creditCopyText&amp;utm_medium=referral&amp;utm_source=unsplash\">Unsplash<\/a><\/p>\n<p>Photo by\u00a0<a href=\"https:\/\/unsplash.com\/@cheyennestar?utm_content=creditCopyText&amp;utm_medium=referral&amp;utm_source=unsplash\">Cheyenne Martinez<\/a>\u00a0on\u00a0<a href=\"https:\/\/unsplash.com\/photos\/a-yellow-building-with-a-clock-on-the-top-of-it-nekReWUjyBQ?utm_content=creditCopyText&amp;utm_medium=referral&amp;utm_source=unsplash\">Unsplash<\/a>[\/et_pb_text][\/et_pb_column][\/et_pb_row][\/et_pb_section]<\/p>\n","protected":false},"excerpt":{"rendered":"<p>Conditions d&rsquo;utilisationLe pr\u00e9sent site Internet, accessible \u00e0 l&rsquo;adresse www.kamslaw.com (le \u00ab\u00a0Site\u00a0\u00bb), est \u00e9dit\u00e9 par la SELARL KAMS, situ\u00e9e au 47 avenue Hoche, 75008 Paris, France (tel :\u00a0+33 (0)1 83798810,\u00a0fax :\u00a0+33 (0)1 83798811,\u00a0e-mail :\u00a0secretariat@kamslaw.com) (le \u00ab\u00a0Cabinet\u00a0\u00bb). R.C.S. Paris 510 348 576 Le contenu du site a \u00e9t\u00e9 soumis l&rsquo;Ordre des avocats de Paris, France. Les directeurs [&hellip;]<\/p>\n","protected":false},"author":1,"featured_media":0,"parent":0,"menu_order":0,"comment_status":"closed","ping_status":"closed","template":"","meta":{"_acf_changed":false,"_et_pb_use_builder":"on","_et_pb_old_content":"","_et_gb_content_width":"","footnotes":""},"class_list":["post-819","page","type-page","status-publish","hentry"],"acf":[],"_links":{"self":[{"href":"https:\/\/kamslaw.com\/fr\/wp-json\/wp\/v2\/pages\/819","targetHints":{"allow":["GET"]}}],"collection":[{"href":"https:\/\/kamslaw.com\/fr\/wp-json\/wp\/v2\/pages"}],"about":[{"href":"https:\/\/kamslaw.com\/fr\/wp-json\/wp\/v2\/types\/page"}],"author":[{"embeddable":true,"href":"https:\/\/kamslaw.com\/fr\/wp-json\/wp\/v2\/users\/1"}],"replies":[{"embeddable":true,"href":"https:\/\/kamslaw.com\/fr\/wp-json\/wp\/v2\/comments?post=819"}],"version-history":[{"count":4,"href":"https:\/\/kamslaw.com\/fr\/wp-json\/wp\/v2\/pages\/819\/revisions"}],"predecessor-version":[{"id":825,"href":"https:\/\/kamslaw.com\/fr\/wp-json\/wp\/v2\/pages\/819\/revisions\/825"}],"wp:attachment":[{"href":"https:\/\/kamslaw.com\/fr\/wp-json\/wp\/v2\/media?parent=819"}],"curies":[{"name":"wp","href":"https:\/\/api.w.org\/{rel}","templated":true}]}}