{"id":936,"date":"2024-08-08T12:05:13","date_gmt":"2024-08-08T12:05:13","guid":{"rendered":"https:\/\/kamslaw.com\/articles\/"},"modified":"2024-09-07T19:51:42","modified_gmt":"2024-09-07T19:51:42","slug":"articles","status":"publish","type":"page","link":"https:\/\/kamslaw.com\/fr\/articles\/","title":{"rendered":"Articles"},"content":{"rendered":"<p>[et_pb_section fb_built=\u00a0\u00bb1&Prime; _builder_version=\u00a0\u00bb4.27.0&Prime; _module_preset=\u00a0\u00bbdefault\u00a0\u00bb global_colors_info=\u00a0\u00bb{}\u00a0\u00bb theme_builder_area=\u00a0\u00bbpost_content\u00a0\u00bb][et_pb_row _builder_version=\u00a0\u00bb4.27.0&Prime; _module_preset=\u00a0\u00bbdefault\u00a0\u00bb custom_margin=\u00a0\u00bb|0px||0px|false|true\u00a0\u00bb global_colors_info=\u00a0\u00bb{}\u00a0\u00bb theme_builder_area=\u00a0\u00bbpost_content\u00a0\u00bb][et_pb_column type=\u00a0\u00bb4_4&Prime; _builder_version=\u00a0\u00bb4.27.0&Prime; _module_preset=\u00a0\u00bbdefault\u00a0\u00bb custom_padding=\u00a0\u00bb0px||0px||true|false\u00a0\u00bb global_colors_info=\u00a0\u00bb{}\u00a0\u00bb theme_builder_area=\u00a0\u00bbpost_content\u00a0\u00bb][et_pb_code _builder_version=\u00a0\u00bb4.27.0&Prime; _module_preset=\u00a0\u00bbdefault\u00a0\u00bb hover_enabled=\u00a0\u00bb0&Prime; global_colors_info=\u00a0\u00bb{}\u00a0\u00bb theme_builder_area=\u00a0\u00bbpost_content\u00a0\u00bb module_class=\u00a0\u00bbblog-list\u00a0\u00bb sticky_enabled=\u00a0\u00bb0&Prime;]<div class=\"blog-item\"><h2 class=\"blog-item_title big-text entry-title\"><a href=\"https:\/\/kamslaw.com\/fr\/fiducie-french-trust\/\">Fiducie<\/a><\/h2><div class=\"blog-item_info\">f\u00e9vrier 2024<br\/>KAMS<\/div><div class=\"button\"><a href=\"https:\/\/kamslaw.com\/fr\/fiducie-french-trust\/\">Lire<\/a><\/div><\/div><div class=\"blog-item\"><h2 class=\"blog-item_title big-text entry-title\"><a href=\"https:\/\/kamslaw.com\/fr\/overview-of-inheritance-in-france\/\">Aper\u00e7u des successions en France<\/a><\/h2><div class=\"blog-item_info\">f\u00e9vrier 2024<br\/>KAMS<\/div><div class=\"button\"><a href=\"https:\/\/kamslaw.com\/fr\/overview-of-inheritance-in-france\/\">Lire<\/a><\/div><\/div><div class=\"blog-item\"><h2 class=\"blog-item_title big-text entry-title\"><a href=\"https:\/\/kamslaw.com\/fr\/residence-permit-visitor-visiteur\/\">Carte de S\u00e9jour &#8211; Visiteur<\/a><\/h2><div class=\"blog-item_info\">f\u00e9vrier 2024<br\/>KAMS<\/div><div class=\"button\"><a href=\"https:\/\/kamslaw.com\/fr\/residence-permit-visitor-visiteur\/\">Lire<\/a><\/div><\/div>[\/et_pb_code][\/et_pb_column][\/et_pb_row][\/et_pb_section]<\/p>\n","protected":false},"excerpt":{"rendered":"<p>Article l.426-20 du\u00a0\u0421ode de l&rsquo;entr\u00e9e et du s\u00e9jour des \u00e9trangers &#8211; article l.426-20 ceseda Le ressortissant \u00e9tranger qui apporte la preuve qu&rsquo;il peut vivre de ses propres ressources, lesquelles doivent \u00eatre au moins \u00e9gales au SMIC net annuel, ind\u00e9pendamment de l&rsquo;allocation aux adultes handicap\u00e9s mentionn\u00e9e \u00e0 l&rsquo;article L. 821-1 du code de la s\u00e9curit\u00e9 sociale [&hellip;]<\/p>\n","protected":false},"author":1,"featured_media":0,"parent":0,"menu_order":0,"comment_status":"closed","ping_status":"closed","template":"","meta":{"_acf_changed":false,"_et_pb_use_builder":"on","_et_pb_old_content":"","_et_gb_content_width":"","footnotes":""},"class_list":["post-936","page","type-page","status-publish","hentry"],"acf":[],"_links":{"self":[{"href":"https:\/\/kamslaw.com\/fr\/wp-json\/wp\/v2\/pages\/936","targetHints":{"allow":["GET"]}}],"collection":[{"href":"https:\/\/kamslaw.com\/fr\/wp-json\/wp\/v2\/pages"}],"about":[{"href":"https:\/\/kamslaw.com\/fr\/wp-json\/wp\/v2\/types\/page"}],"author":[{"embeddable":true,"href":"https:\/\/kamslaw.com\/fr\/wp-json\/wp\/v2\/users\/1"}],"replies":[{"embeddable":true,"href":"https:\/\/kamslaw.com\/fr\/wp-json\/wp\/v2\/comments?post=936"}],"version-history":[{"count":1,"href":"https:\/\/kamslaw.com\/fr\/wp-json\/wp\/v2\/pages\/936\/revisions"}],"predecessor-version":[{"id":937,"href":"https:\/\/kamslaw.com\/fr\/wp-json\/wp\/v2\/pages\/936\/revisions\/937"}],"wp:attachment":[{"href":"https:\/\/kamslaw.com\/fr\/wp-json\/wp\/v2\/media?parent=936"}],"curies":[{"name":"wp","href":"https:\/\/api.w.org\/{rel}","templated":true}]}}