{"id":941,"date":"2024-08-08T12:05:02","date_gmt":"2024-08-08T12:05:02","guid":{"rendered":"https:\/\/kamslaw.com\/presentation\/"},"modified":"2024-09-07T20:13:01","modified_gmt":"2024-09-07T20:13:01","slug":"about","status":"publish","type":"page","link":"https:\/\/kamslaw.com\/fr\/about\/","title":{"rendered":"Pr\u00e9sentation"},"content":{"rendered":"<p>[et_pb_section fb_built=\u00a0\u00bb1&Prime; _builder_version=\u00a0\u00bb4.27.0&Prime; _module_preset=\u00a0\u00bbdefault\u00a0\u00bb global_colors_info=\u00a0\u00bb{}\u00a0\u00bb theme_builder_area=\u00a0\u00bbpost_content\u00a0\u00bb][et_pb_row admin_label=\u00a0\u00bbIntro Page Text\u00a0\u00bb _builder_version=\u00a0\u00bb4.27.0&Prime; _module_preset=\u00a0\u00bb6083b77a-78e2-4d59-bbd2-aaf63d9107d9&Prime; global_colors_info=\u00a0\u00bb{}\u00a0\u00bb theme_builder_area=\u00a0\u00bbpost_content\u00a0\u00bb][et_pb_column type=\u00a0\u00bb4_4&Prime; _builder_version=\u00a0\u00bb4.25.0&Prime; _module_preset=\u00a0\u00bbdefault\u00a0\u00bb global_colors_info=\u00a0\u00bb{}\u00a0\u00bb theme_builder_area=\u00a0\u00bbpost_content\u00a0\u00bb][et_pb_text _builder_version=\u00a0\u00bb4.27.0&Prime; _module_preset=\u00a0\u00bb93feeb14-1262-4ad7-8d25-39f79a268e23&Prime; global_colors_info=\u00a0\u00bb{}\u00a0\u00bb theme_builder_area=\u00a0\u00bbpost_content\u00a0\u00bb]<\/p>\n<p><span>Cr\u00e9\u00e9 en 2005 par des avocats russophones, le cabinet d&rsquo;avocats KAMS est l&rsquo;un des principaux cabinets d&rsquo;avocats sp\u00e9cialis\u00e9s dans l&rsquo;accompagnement des investisseurs priv\u00e9s et commerciaux \u00e9trangers, avec deux bureaux \u00e0 Paris et \u00e0 Nice.<\/span><\/p>\n<p>[\/et_pb_text][\/et_pb_column][\/et_pb_row][et_pb_row admin_label=\u00a0\u00bbMain Page Content\u00a0\u00bb _builder_version=\u00a0\u00bb4.27.0&Prime; _module_preset=\u00a0\u00bbdefault\u00a0\u00bb global_colors_info=\u00a0\u00bb{}\u00a0\u00bb theme_builder_area=\u00a0\u00bbpost_content\u00a0\u00bb][et_pb_column type=\u00a0\u00bb4_4&Prime; _builder_version=\u00a0\u00bb4.25.0&Prime; _module_preset=\u00a0\u00bbdefault\u00a0\u00bb global_colors_info=\u00a0\u00bb{}\u00a0\u00bb theme_builder_area=\u00a0\u00bbpost_content\u00a0\u00bb][et_pb_divider admin_label=\u00a0\u00bbDivider\u00a0\u00bb _builder_version=\u00a0\u00bb4.27.0&Prime; _module_preset=\u00a0\u00bb3961bdaa-a7dd-4356-9771-1ac2dbfc5e25&Prime; global_colors_info=\u00a0\u00bb{}\u00a0\u00bb theme_builder_area=\u00a0\u00bbpost_content\u00a0\u00bb][\/et_pb_divider][et_pb_text _builder_version=\u00a0\u00bb4.27.0&Prime; _module_preset=\u00a0\u00bbdefault\u00a0\u00bb global_colors_info=\u00a0\u00bb{}\u00a0\u00bb theme_builder_area=\u00a0\u00bbpost_content\u00a0\u00bb]<\/p>\n<p>Depuis plus de 20 ans d&rsquo;activit\u00e9, notre cabinet d&rsquo;avocats fran\u00e7ais ind\u00e9pendant a d\u00e9velopp\u00e9 une grande exp\u00e9rience dans la r\u00e9solution de probl\u00e8mes dans les domaines d<strong>u droit des affaires, du droit des soci\u00e9t\u00e9s, du droit civil, du droit fiscal, du droit p\u00e9nal<\/strong> ou <strong>du droit administratif.<\/strong><\/p>\n<p>Notre <strong>connaissance unique<\/strong> et notre<strong> approche globale<\/strong> des besoins de nos clients sont fond\u00e9es sur cette longue application des r\u00e9glementations juridiques, fiscales et bancaires en France et \u00e0 l&rsquo;\u00e9tranger.<\/p>\n<p>Notre participation \u00e0 de nombreux projets d&rsquo;envergure ou \u00e0 des contentieux li\u00e9s aux investissements \u00e9trangers en France t\u00e9moigne de la confiance de nos clients dans notre professionnalisme et notre capacit\u00e9 \u00e0 r\u00e9soudre des probl\u00e8mes complexes.<\/p>\n<p>Le Barreau de KAMS a d\u00e9velopp\u00e9 des <strong>relations de confiance<\/strong> avec des confr\u00e8res fran\u00e7ais et \u00e9trangers gr\u00e2ce \u00e0 notre capacit\u00e9 \u00e0<strong> travailler ensemble sur des dossiers internationaux<\/strong> ou <strong>\u00e0 combiner plusieurs sp\u00e9cialisations.<\/strong><\/p>\n<p>[\/et_pb_text][et_pb_divider _builder_version=\u00a0\u00bb4.27.0&Prime; _module_preset=\u00a0\u00bba2f33505-eef5-477e-969a-86d5f0f23c1b\u00a0\u00bb global_colors_info=\u00a0\u00bb{}\u00a0\u00bb theme_builder_area=\u00a0\u00bbpost_content\u00a0\u00bb][\/et_pb_divider][et_pb_button button_url=\u00a0\u00bb@ET-DC@eyJkeW5hbWljIjp0cnVlLCJjb250ZW50IjoicG9zdF9saW5rX3VybF9wYWdlIiwic2V0dGluZ3MiOnsicG9zdF9pZCI6IjgzIiwiZW5hYmxlX2h0bWwiOiJvZmYifX0=@\u00a0\u00bb button_text=\u00a0\u00bbEn savoir plus sur nos domaines d&#039;expertise\u00a0\u00bb _builder_version=\u00a0\u00bb4.27.0&Prime; _dynamic_attributes=\u00a0\u00bbbutton_url\u00a0\u00bb _module_preset=\u00a0\u00bbcff5d9a5-8cd5-4d69-8d3a-f52a3361bab0&Prime; global_colors_info=\u00a0\u00bb{}\u00a0\u00bb theme_builder_area=\u00a0\u00bbpost_content\u00a0\u00bb][\/et_pb_button][et_pb_button button_url=\u00a0\u00bb@ET-DC@eyJkeW5hbWljIjp0cnVlLCJjb250ZW50IjoicG9zdF9saW5rX3VybF9wYWdlIiwic2V0dGluZ3MiOnsicG9zdF9pZCI6IjQ1MyIsImVuYWJsZV9odG1sIjoib2ZmIn19@\u00a0\u00bb button_text=\u00a0\u00bbRencontrer nos partenaires\u00a0\u00bb _builder_version=\u00a0\u00bb4.27.0&Prime; _dynamic_attributes=\u00a0\u00bbbutton_url\u00a0\u00bb _module_preset=\u00a0\u00bbdefault\u00a0\u00bb custom_margin=\u00a0\u00bb0.8rem||0px||false|false\u00a0\u00bb hover_enabled=\u00a0\u00bb0&Prime; custom_css_main_element=\u00a0\u00bbmargin-top:0&Prime; global_colors_info=\u00a0\u00bb{}\u00a0\u00bb button_text_color__hover_enabled=\u00a0\u00bbon|desktop\u00a0\u00bb theme_builder_area=\u00a0\u00bbpost_content\u00a0\u00bb sticky_enabled=\u00a0\u00bb0&Prime;][\/et_pb_button][et_pb_divider _builder_version=\u00a0\u00bb4.27.0&Prime; _module_preset=\u00a0\u00bb3961bdaa-a7dd-4356-9771-1ac2dbfc5e25&Prime; global_colors_info=\u00a0\u00bb{}\u00a0\u00bb theme_builder_area=\u00a0\u00bbpost_content\u00a0\u00bb][\/et_pb_divider][et_pb_text ul_type=\u00a0\u00bbnone\u00a0\u00bb _builder_version=\u00a0\u00bb4.27.0&Prime; _module_preset=\u00a0\u00bbdefault\u00a0\u00bb link_font=\u00a0\u00bb||||||||\u00a0\u00bb header_2_font=\u00a0\u00bbMontserrat||||||||\u00a0\u00bb custom_css_free_form=\u00a0\u00bbselector a {text-decoration: none}||selector li+li { margin-top: .83rem;}\u00a0\u00bb global_colors_info=\u00a0\u00bb{}\u00a0\u00bb theme_builder_area=\u00a0\u00bbpost_content\u00a0\u00bb]<\/p>\n<h2>Contacter notre secr\u00e9tariat<\/h2>\n<ul class=\"contact-links\">\n<li><a href=\"tel:+330183798810\">+33 (0) 1 83798810<\/a><\/li>\n<li><a href=\"mailto:secretariat@kamslaw.com\">secretariat@kamslaw.com<\/a><\/li>\n<\/ul>\n<p>[\/et_pb_text][et_pb_divider _builder_version=\u00a0\u00bb4.27.0&Prime; _module_preset=\u00a0\u00bb9841ba33-c974-47fb-b34d-35dd9649236e\u00a0\u00bb global_colors_info=\u00a0\u00bb{}\u00a0\u00bb theme_builder_area=\u00a0\u00bbpost_content\u00a0\u00bb][\/et_pb_divider][et_pb_text _builder_version=\u00a0\u00bb4.27.0&Prime; _module_preset=\u00a0\u00bbdefault\u00a0\u00bb header_2_font=\u00a0\u00bbMontserrat||||||||\u00a0\u00bb custom_css_free_form=\u00a0\u00bbselector h2 {margin:0}\u00a0\u00bb global_colors_info=\u00a0\u00bb{}\u00a0\u00bb theme_builder_area=\u00a0\u00bbpost_content\u00a0\u00bb]<\/p>\n<h2>Bureaux<\/h2>\n<p>[\/et_pb_text][et_pb_divider _builder_version=\u00a0\u00bb4.27.0&Prime; _module_preset=\u00a0\u00bb3961bdaa-a7dd-4356-9771-1ac2dbfc5e25&Prime; custom_margin=\u00a0\u00bb0px||0px||true|false\u00a0\u00bb global_colors_info=\u00a0\u00bb{}\u00a0\u00bb theme_builder_area=\u00a0\u00bbpost_content\u00a0\u00bb][\/et_pb_divider][\/et_pb_column][\/et_pb_row][et_pb_row column_structure=\u00a0\u00bb1_2,1_2&Prime; module_class=\u00a0\u00bboffices\u00a0\u00bb _builder_version=\u00a0\u00bb4.27.0&Prime; _module_preset=\u00a0\u00bbdefault\u00a0\u00bb global_colors_info=\u00a0\u00bb{}\u00a0\u00bb theme_builder_area=\u00a0\u00bbpost_content\u00a0\u00bb][et_pb_column type=\u00a0\u00bb1_2&Prime; _builder_version=\u00a0\u00bb4.27.0&Prime; _module_preset=\u00a0\u00bbdefault\u00a0\u00bb custom_css_main_element=\u00a0\u00bbwidth\u00a0\u00bb global_colors_info=\u00a0\u00bb{}\u00a0\u00bb theme_builder_area=\u00a0\u00bbpost_content\u00a0\u00bb][et_pb_text _builder_version=\u00a0\u00bb4.27.0&Prime; _module_preset=\u00a0\u00bb93feeb14-1262-4ad7-8d25-39f79a268e23&Prime; header_4_font=\u00a0\u00bbArsenal||||||||\u00a0\u00bb header_4_font_size=\u00a0\u00bb4rem\u00a0\u00bb global_colors_info=\u00a0\u00bb{}\u00a0\u00bb theme_builder_area=\u00a0\u00bbpost_content\u00a0\u00bb]<\/p>\n<h4>Paris<\/h4>\n<p>[\/et_pb_text][et_pb_image src=\u00a0\u00bbhttps:\/\/kamslaw.com\/wp-content\/uploads\/2024\/08\/office1@2x.jpg\u00a0\u00bb title_text=\u00a0\u00bboffice1@2x\u00a0\u00bb _builder_version=\u00a0\u00bb4.27.0&Prime; _module_preset=\u00a0\u00bbdefault\u00a0\u00bb global_colors_info=\u00a0\u00bb{}\u00a0\u00bb theme_builder_area=\u00a0\u00bbpost_content\u00a0\u00bb][\/et_pb_image][et_pb_text _builder_version=\u00a0\u00bb4.27.0&Prime; _module_preset=\u00a0\u00bbdefault\u00a0\u00bb global_colors_info=\u00a0\u00bb{}\u00a0\u00bb theme_builder_area=\u00a0\u00bbpost_content\u00a0\u00bb]<\/p>\n<p><span>KAMS PARIS<\/span><br \/><span>47, avenue Hoche<\/span><br \/><span>75008 Paris<\/span><br \/><span>Paris (France)<\/span><\/p>\n<p>[\/et_pb_text][\/et_pb_column][et_pb_column type=\u00a0\u00bb1_2&Prime; _builder_version=\u00a0\u00bb4.27.0&Prime; _module_preset=\u00a0\u00bbdefault\u00a0\u00bb global_colors_info=\u00a0\u00bb{}\u00a0\u00bb theme_builder_area=\u00a0\u00bbpost_content\u00a0\u00bb][et_pb_text _builder_version=\u00a0\u00bb4.27.0&Prime; _module_preset=\u00a0\u00bb93feeb14-1262-4ad7-8d25-39f79a268e23&Prime; header_4_font=\u00a0\u00bbArsenal||||||||\u00a0\u00bb header_4_font_size=\u00a0\u00bb4rem\u00a0\u00bb global_colors_info=\u00a0\u00bb{}\u00a0\u00bb theme_builder_area=\u00a0\u00bbpost_content\u00a0\u00bb]<\/p>\n<h4>Nice<\/h4>\n<p>[\/et_pb_text][et_pb_image src=\u00a0\u00bbhttps:\/\/kamslaw.com\/wp-content\/uploads\/2024\/08\/office2@2x.jpg\u00a0\u00bb title_text=\u00a0\u00bboffice2@2x\u00a0\u00bb _builder_version=\u00a0\u00bb4.27.0&Prime; _module_preset=\u00a0\u00bbdefault\u00a0\u00bb global_colors_info=\u00a0\u00bb{}\u00a0\u00bb theme_builder_area=\u00a0\u00bbpost_content\u00a0\u00bb][\/et_pb_image][et_pb_text _builder_version=\u00a0\u00bb4.27.0&Prime; _module_preset=\u00a0\u00bbdefault\u00a0\u00bb global_colors_info=\u00a0\u00bb{}\u00a0\u00bb theme_builder_area=\u00a0\u00bbpost_content\u00a0\u00bb]<\/p>\n<p><span>KAMS NICE<\/span><br \/><span>1bis, avenue Durante<\/span><br \/><span>06000 Nice<\/span><br \/><span>France<\/span><\/p>\n<p>[\/et_pb_text][\/et_pb_column][\/et_pb_row][\/et_pb_section]<\/p>\n","protected":false},"excerpt":{"rendered":"<p>Cr\u00e9\u00e9 en 2005 par des avocats russophones, le cabinet d&rsquo;avocats KAMS est l&rsquo;un des principaux cabinets d&rsquo;avocats sp\u00e9cialis\u00e9s dans l&rsquo;accompagnement des investisseurs priv\u00e9s et commerciaux \u00e9trangers, avec deux bureaux \u00e0 Paris et \u00e0 Nice.Depuis plus de 20 ans d&rsquo;activit\u00e9, notre cabinet d&rsquo;avocats fran\u00e7ais ind\u00e9pendant a d\u00e9velopp\u00e9 une grande exp\u00e9rience dans la r\u00e9solution de probl\u00e8mes dans [&hellip;]<\/p>\n","protected":false},"author":1,"featured_media":0,"parent":0,"menu_order":0,"comment_status":"closed","ping_status":"closed","template":"","meta":{"_acf_changed":false,"_et_pb_use_builder":"on","_et_pb_old_content":"","_et_gb_content_width":"","footnotes":""},"class_list":["post-941","page","type-page","status-publish","hentry"],"acf":[],"_links":{"self":[{"href":"https:\/\/kamslaw.com\/fr\/wp-json\/wp\/v2\/pages\/941","targetHints":{"allow":["GET"]}}],"collection":[{"href":"https:\/\/kamslaw.com\/fr\/wp-json\/wp\/v2\/pages"}],"about":[{"href":"https:\/\/kamslaw.com\/fr\/wp-json\/wp\/v2\/types\/page"}],"author":[{"embeddable":true,"href":"https:\/\/kamslaw.com\/fr\/wp-json\/wp\/v2\/users\/1"}],"replies":[{"embeddable":true,"href":"https:\/\/kamslaw.com\/fr\/wp-json\/wp\/v2\/comments?post=941"}],"version-history":[{"count":2,"href":"https:\/\/kamslaw.com\/fr\/wp-json\/wp\/v2\/pages\/941\/revisions"}],"predecessor-version":[{"id":943,"href":"https:\/\/kamslaw.com\/fr\/wp-json\/wp\/v2\/pages\/941\/revisions\/943"}],"wp:attachment":[{"href":"https:\/\/kamslaw.com\/fr\/wp-json\/wp\/v2\/media?parent=941"}],"curies":[{"name":"wp","href":"https:\/\/api.w.org\/{rel}","templated":true}]}}