{"id":944,"date":"2024-08-08T12:04:29","date_gmt":"2024-08-08T12:04:29","guid":{"rendered":"https:\/\/kamslaw.com\/competences\/"},"modified":"2024-09-07T20:19:05","modified_gmt":"2024-09-07T20:19:05","slug":"expertise","status":"publish","type":"page","link":"https:\/\/kamslaw.com\/fr\/expertise\/","title":{"rendered":"Comp\u00e9tences"},"content":{"rendered":"<p>[et_pb_section fb_built=\u00a0\u00bb1&Prime; _builder_version=\u00a0\u00bb4.27.0&Prime; _module_preset=\u00a0\u00bbdefault\u00a0\u00bb global_colors_info=\u00a0\u00bb{}\u00a0\u00bb theme_builder_area=\u00a0\u00bbpost_content\u00a0\u00bb][et_pb_row admin_label=\u00a0\u00bbIntro Page Text\u00a0\u00bb _builder_version=\u00a0\u00bb4.27.0&Prime; _module_preset=\u00a0\u00bb6083b77a-78e2-4d59-bbd2-aaf63d9107d9&Prime; global_colors_info=\u00a0\u00bb{}\u00a0\u00bb theme_builder_area=\u00a0\u00bbpost_content\u00a0\u00bb][et_pb_column type=\u00a0\u00bb4_4&Prime; _builder_version=\u00a0\u00bb4.27.0&Prime; _module_preset=\u00a0\u00bbdefault\u00a0\u00bb global_colors_info=\u00a0\u00bb{}\u00a0\u00bb theme_builder_area=\u00a0\u00bbpost_content\u00a0\u00bb][et_pb_text _builder_version=\u00a0\u00bb4.27.0&Prime; _module_preset=\u00a0\u00bb93feeb14-1262-4ad7-8d25-39f79a268e23&Prime; global_colors_info=\u00a0\u00bb{}\u00a0\u00bb theme_builder_area=\u00a0\u00bbpost_content\u00a0\u00bb]<\/p>\n<p><span>Depuis plus de 20 ans d&rsquo;activit\u00e9, notre cabinet d&rsquo;avocats fran\u00e7ais ind\u00e9pendant a d\u00e9velopp\u00e9 une grande exp\u00e9rience dans la r\u00e9solution de probl\u00e8mes dans les domaines<\/span> <b>du droit des affaires, du droit des soci\u00e9t\u00e9s, du droit civil, du droit fiscal, du droit p\u00e9nal <\/b><span>ou <\/span><b>du droit administratif.<\/b><\/p>\n<p>[\/et_pb_text][et_pb_divider _builder_version=\u00a0\u00bb4.27.0&Prime; _module_preset=\u00a0\u00bb9841ba33-c974-47fb-b34d-35dd9649236e\u00a0\u00bb global_colors_info=\u00a0\u00bb{}\u00a0\u00bb theme_builder_area=\u00a0\u00bbpost_content\u00a0\u00bb][\/et_pb_divider][\/et_pb_column][\/et_pb_row][et_pb_row admin_label=\u00a0\u00bbMain Page Content\u00a0\u00bb _builder_version=\u00a0\u00bb4.27.0&Prime; _module_preset=\u00a0\u00bb6083b77a-78e2-4d59-bbd2-aaf63d9107d9&Prime; global_colors_info=\u00a0\u00bb{}\u00a0\u00bb theme_builder_area=\u00a0\u00bbpost_content\u00a0\u00bb][et_pb_column type=\u00a0\u00bb4_4&Prime; _builder_version=\u00a0\u00bb4.25.0&Prime; _module_preset=\u00a0\u00bbdefault\u00a0\u00bb global_colors_info=\u00a0\u00bb{}\u00a0\u00bb theme_builder_area=\u00a0\u00bbpost_content\u00a0\u00bb][et_pb_text _builder_version=\u00a0\u00bb4.27.0&Prime; _module_preset=\u00a0\u00bb694b2f18-8699-446a-8b26-8ffcb0bca7d4&Prime; global_colors_info=\u00a0\u00bb{}\u00a0\u00bb theme_builder_area=\u00a0\u00bbpost_content\u00a0\u00bb]<\/p>\n<h2>Investissements d&rsquo;entreprise<\/h2>\n<div class=\"border-block\">\n<p>La sp\u00e9cialisation historique des associ\u00e9s de KAMS est une v\u00e9ritable caract\u00e9ristique de notre barreau.<\/p>\n<p>Nous savons non seulement comment cr\u00e9er, enregistrer, restructurer et accompagner les acquisitions, mais aussi comment le faire dans les r\u00e9alit\u00e9s et les exigences d&rsquo;aujourd&rsquo;hui en mati\u00e8re d&rsquo;investissements \u00e9trangers.<\/p>\n<p>Nombre de nos d\u00e9veloppements professionnels sont uniques et reposent sur de nombreuses ann\u00e9es de pratique de la r\u00e9solution de probl\u00e8mes pour nos clients.<\/p>\n<ul>\n<li>Cr\u00e9ation et soutien juridique de soci\u00e9t\u00e9s \u00e0 capitaux \u00e9trangers<\/li>\n<li>Conventions d&rsquo;actionnaires<\/li>\n<li>Structuration juridique et fiscale de projets<\/li>\n<li>Restructuration de soci\u00e9t\u00e9s<\/li>\n<li>Contrats de bail commercial et immobilier commercial<\/li>\n<li>Assistance dans le cadre des proc\u00e9dures relatives aux employ\u00e9s \u00e9trangers<\/li>\n<li>Consultations fiscales pour les personnes morales et physiques<\/li>\n<li>R\u00e9daction de contrats : commerciaux, civils et de travail<\/li>\n<li>Mise en \u0153uvre de la r\u00e9glementation en mati\u00e8re de conformit\u00e9 pour les entreprises (GDPR, FATCA\/CRS, etc.)<\/li>\n<\/ul>\n<\/div>\n<p>[\/et_pb_text][et_pb_text _builder_version=\u00a0\u00bb4.25.0&Prime; _module_preset=\u00a0\u00bb694b2f18-8699-446a-8b26-8ffcb0bca7d4&Prime; global_colors_info=\u00a0\u00bb{}\u00a0\u00bb theme_builder_area=\u00a0\u00bbpost_content\u00a0\u00bb]<\/p>\n<h2>Investissements priv\u00e9s<\/h2>\n<div class=\"border-block\">\n<p>Notre connaissance approfondie du droit international priv\u00e9 et notre pratique unique en France et dans d&rsquo;autres pays nous permettent de r\u00e9soudre des probl\u00e8mes en utilisant plusieurs syst\u00e8mes juridiques nationaux, ainsi que de structurer la propri\u00e9t\u00e9 des biens priv\u00e9s afin de prot\u00e9ger au mieux leur gestion et leur transfert aux h\u00e9ritiers.<\/p>\n<ul>\n<li>Droit patrimonial et structures de propri\u00e9t\u00e9\/transfert<\/li>\n<li>Acquisition et cession de biens immobiliers<\/li>\n<li>Construction : r\u00e9daction de contrats de travail et de contrats de gestion de projet<\/li>\n<li>R\u00e8gles de la ville<\/li>\n<li>La fiducie<\/li>\n<li>Droit international des successions<\/li>\n<li>Fiscalit\u00e9 internationale des personnes physiques<\/li>\n<\/ul>\n<\/div>\n<p>[\/et_pb_text][et_pb_text _builder_version=\u00a0\u00bb4.25.0&Prime; _module_preset=\u00a0\u00bb694b2f18-8699-446a-8b26-8ffcb0bca7d4&Prime; global_colors_info=\u00a0\u00bb{}\u00a0\u00bb theme_builder_area=\u00a0\u00bbpost_content\u00a0\u00bb]<\/p>\n<h2>La relocalisation<\/h2>\n<div class=\"border-block\">\n<p>Depuis plus de 20 ans, nous travaillons dans le domaine du droit de l&rsquo;immigration et accompagnons la relocalisation des particuliers et des entreprises en tenant compte des particularit\u00e9s de la fiscalit\u00e9 fran\u00e7aise.<\/p>\n<ul>\n<li>Conseils juridiques et fiscaux avant de s&rsquo;installer en France<\/li>\n<li>Assistance pour l&rsquo;obtention d&rsquo;un visa de long s\u00e9jour et d&rsquo;un titre de s\u00e9jour permanent<\/li>\n<li>Fiscalit\u00e9 personnelle<\/li>\n<\/ul>\n<\/div>\n<p>[\/et_pb_text][et_pb_text _builder_version=\u00a0\u00bb4.25.0&Prime; _module_preset=\u00a0\u00bb694b2f18-8699-446a-8b26-8ffcb0bca7d4&Prime; global_colors_info=\u00a0\u00bb{}\u00a0\u00bb theme_builder_area=\u00a0\u00bbpost_content\u00a0\u00bb]<\/p>\n<h2>Protection du patrimoine<\/h2>\n<div class=\"border-block\">\n<p>Nous ne dissocions pas le conseil et le contentieux, ce qui permet de prot\u00e9ger au mieux les investissements tant au moment de la structuration que lors des proc\u00e9dures judiciaires ou arbitrales.<\/p>\n<p>Notre pratique en mati\u00e8re d&rsquo;exequatur de jugements \u00e9trangers, ainsi que de saisies d&rsquo;avoirs dans le cadre de proc\u00e9dures civiles, p\u00e9nales ou de sanctions est l&rsquo;une des caract\u00e9ristiques et du savoir-faire du Cabinet KAMS.<\/p>\n<ul>\n<li>Contentieux et arbitrage<\/li>\n<li>Exequatur de d\u00e9cisions arbitrales et judiciaires \u00e9trang\u00e8res<\/li>\n<li>Proc\u00e9dures de saisie et de vente d&rsquo;actifs<\/li>\n<li>Sanctions<\/li>\n<\/ul>\n<\/div>\n<p>[\/et_pb_text][\/et_pb_column][\/et_pb_row][\/et_pb_section]<\/p>\n","protected":false},"excerpt":{"rendered":"<p>Depuis plus de 20 ans d&rsquo;activit\u00e9, notre cabinet d&rsquo;avocats fran\u00e7ais ind\u00e9pendant a d\u00e9velopp\u00e9 une grande exp\u00e9rience dans la r\u00e9solution de probl\u00e8mes dans les domaines du droit des affaires, du droit des soci\u00e9t\u00e9s, du droit civil, du droit fiscal, du droit p\u00e9nal ou du droit administratif.Investissements d&rsquo;entreprise La sp\u00e9cialisation historique des associ\u00e9s de KAMS est une [&hellip;]<\/p>\n","protected":false},"author":1,"featured_media":0,"parent":0,"menu_order":0,"comment_status":"closed","ping_status":"closed","template":"","meta":{"_acf_changed":false,"_et_pb_use_builder":"on","_et_pb_old_content":"","_et_gb_content_width":"","footnotes":""},"class_list":["post-944","page","type-page","status-publish","hentry"],"acf":[],"_links":{"self":[{"href":"https:\/\/kamslaw.com\/fr\/wp-json\/wp\/v2\/pages\/944","targetHints":{"allow":["GET"]}}],"collection":[{"href":"https:\/\/kamslaw.com\/fr\/wp-json\/wp\/v2\/pages"}],"about":[{"href":"https:\/\/kamslaw.com\/fr\/wp-json\/wp\/v2\/types\/page"}],"author":[{"embeddable":true,"href":"https:\/\/kamslaw.com\/fr\/wp-json\/wp\/v2\/users\/1"}],"replies":[{"embeddable":true,"href":"https:\/\/kamslaw.com\/fr\/wp-json\/wp\/v2\/comments?post=944"}],"version-history":[{"count":2,"href":"https:\/\/kamslaw.com\/fr\/wp-json\/wp\/v2\/pages\/944\/revisions"}],"predecessor-version":[{"id":946,"href":"https:\/\/kamslaw.com\/fr\/wp-json\/wp\/v2\/pages\/944\/revisions\/946"}],"wp:attachment":[{"href":"https:\/\/kamslaw.com\/fr\/wp-json\/wp\/v2\/media?parent=944"}],"curies":[{"name":"wp","href":"https:\/\/api.w.org\/{rel}","templated":true}]}}